{"id":263,"date":"2024-04-14T09:58:55","date_gmt":"2024-04-14T07:58:55","guid":{"rendered":"https:\/\/www.gruenekeltern.de\/wp\/?page_id=263"},"modified":"2024-04-14T09:58:55","modified_gmt":"2024-04-14T07:58:55","slug":"haushaltsrede-2024","status":"publish","type":"page","link":"https:\/\/www.gruenekeltern.de\/wp\/haushaltsrede-2024\/","title":{"rendered":"Haushaltsrede 2024"},"content":{"rendered":"\n<p>Stellungnahme Haushalt 2024 \u2013 Fraktion B\u00fcndnis 90\/Die Gr\u00fcnen<\/p>\n\n\n\n<p>Sehr geehrter Herr B\u00fcrgermeister,<br>Liebe Kolleginnen und Kollegen,<br>Gesch\u00e4tzte Anwesende,<\/p>\n\n\n\n<p>&#8222;Die Zukunft h\u00e4ngt davon ab, was wir heute tun.&#8220; &#8211; Mahatma Gandhi<br>Als Vertreterinnen der Fraktion B\u00fcndnis 90\/Die Gr\u00fcnen sprechen wir heute \u00fcber den<br>Haushalt, der die Grundlage f\u00fcr die kommenden Entscheidungen und Investitionen<br>bildet. Hinter uns liegt ein Jahr der Herausforderungen und diese sehen wir ebenso<br>in der Zukunft. Aber Herausforderungen k\u00f6nnen auch Chancen sein. Wir sehen vor<br>uns ein Jahr gepr\u00e4gt von finanziellen Anstrengungen und klugen Investitionen. Die<br>Finanzlage ist dabei ein Balanceakt, und es ist unsere Verantwortung, durchdachte<br>Entscheidungen zu treffen, die sowohl unsere Gemeinde und Gemeinschaft st\u00e4rken,<br>als auch unseren Bed\u00fcrfnissen gerecht werden.<br>Zun\u00e4chst muss das Haushaltsdefizit von 2,1 Millionen Euro vor Erh\u00f6hung der<br>Kreisumlage klar benannt werden. Diese Zahl erfordert unsere ernsthafte<br>Aufmerksamkeit. Sinkende Einnahmen bei gleichzeitig steigenden Ausgaben, das<br>kann dauerhaft nicht gut gehen. In den letzten Jahren haben wir das angek\u00fcndigte<br>Defizit durch gestiegene Gewerbesteuereinnahmen ausgleichen k\u00f6nnen. Es ist<br>jedoch fraglich, ob wir auch in diesem Jahr darauf hoffen d\u00fcrfen. Durch die erh\u00f6hten<br>Gewerbesteuereinnahmen der letzten Jahre steigt als Folge die Kreisumlage und wir<br>m\u00fcssen von dem unerwarteten Geldsegen eine gute Portion abgeben.<br>Auch in diesem Jahr hat unser K\u00e4mmerer wieder eine stabile Gewerbesteuerquote in<br>die Haushaltseinnahmen eingestellt, ja sogar mit einer leichten Steigerung um rund<br>500 Teuro \u2013 und dies, obwohl unser B\u00fcrgermeister das j\u00fcngst beschlossenen<br>Wachstumschancengesetz als hinderlich und den Steuereinnahmen<br>entgegenwirkend ansieht. Dieser Einsch\u00e4tzung unseres B\u00fcrgermeisters<br>widersprechen wir, bietet doch dieses Gesetz einen Konjunkturanschub Richtung<br>neuer Investitionen in den Unternehmen und somit eine weitere Chance auf<br>Wachstum. Und dies kommt jedem von uns zu Gute.<br>Einnahmen durch Erh\u00f6hung von Geb\u00fchren und Steuers\u00e4tze oder<br>Ausgabenk\u00fcrzungen durch Verzicht auf Freiwilligkeitsleistungen stehen wir skeptisch<br>gegen\u00fcber. Bevor wir hier unsere Zustimmung geben, m\u00f6chten wir zuerst andere<br>Posten auf den Pr\u00fcfstand stellen. Zum Beispiel die verschiedenen Gutachterb\u00fcros<br>oder die Schaffung weiterer Personalstellen.<br>Zwar werden durch die Ausweisung der neuen Baugebiete Einnahmen generiert,<br>diese flie\u00dfen allerdings direkt in die Erschlie\u00dfung in enorme finanzielle Vorleistung.<br>Auch die nachhaltigen infrastrukturellen Folgekosten, wie Erhalt der Stra\u00dfen oder<br>Bau von zus\u00e4tzlichen Kinderg\u00e4rten, sind nicht zu vergessen.<br>Wir haben zudem die Bef\u00fcrchtung, dass durch die Planung der unseres Erachtens<br>\u00fcberdimensionierten Baugebiete die Innenentwicklung unserer f\u00fcnf Ortsteile in den<\/p>\n\n\n\n<p>Hintergrund tritt. Wir d\u00fcrfen die Belebung der f\u00fcnf Ortskerne nicht aus den Augen<br>verlieren. Sehr positiv sehen wir das neue Programm f\u00fcr die Ortskernsanierung<br>Dietlingen mit der Chance vorhandenen Leerstand und den Ortskern<br>wiederzubeleben.<br>Ein immer gr\u00f6\u00dferer Punkt der Ausgaben sind die Personalkosten, die tarifbedingt<br>deutlich ansteigen, aber auch durch die Erh\u00f6hung der Personalstellen. Konnten wir<br>fr\u00fcher die Personalkosten durch die Einkommenssteuereinahmen decken, sind wir<br>heute weit davon entfernt und entfernen uns immer weiter. Dabei geben wir \u00fcber die<br>H\u00e4lfte im Bereich der Kinder-Betreuungskosten aus.<br>In Bezug auf die Kosten der Kinderbetreuung ist es uns ein zentrales Anliegen, die<br>finanzielle Last unserer Eltern zu mildern. Solange die Landes- und Bundespolitik<br>nicht ad\u00e4quat zur Kostendeckung beitr\u00e4gt, sind wir entschlossen, die Ausgaben zu<br>tragen, um sicherzustellen, dass die Qualit\u00e4t der Kinderbetreuung aufrechterhalten<br>wird.<br>Um Eltern Planungssicherheit zu bieten, werden wir weiterhin beantragen<br>Geb\u00fchrenerh\u00f6hungen verantwortungsbewusst und transparent zu gestalten,<br>orientiert an den Erh\u00f6hungen des KVJS(Kommunalen Verbands f\u00fcr Jugend und<br>Soziales). Durch diese verl\u00e4ssliche Herangehensweise m\u00f6chten wir sicherstellen,<br>dass die finanzielle Belastung f\u00fcr die Familien unserer Gemeinde im Rahmen bleibt<br>und gleichzeitig die Qualit\u00e4t der Kinderbetreuung gew\u00e4hrleistet ist.<br>In der Kinderbetreuung stehen auch \u00c4nderungen an mit dem gesetzlichen Anspruch<br>auf ganzt\u00e4gige Betreuung in der Grundschule ab 2026. Wir m\u00fcssen bereits jetzt die<br>Weichen stellen und uns mit diesem Thema befassen, unter Einbeziehung aller<br>Betroffenen, vor allem der Schule.<br>Aber wir m\u00fcssen auch \u00fcber die Struktur der Personalausgaben reden. Nur 2% der<br>Ausgaben beziehen sich auf die Seniorenarbeit, obwohl der Anteil der Senioren in<br>unserer Gemeinde stetig steigt. Hier muss dar\u00fcber nachgedacht werden, ob hier<br>nicht die Angebote erh\u00f6ht oder einfach wiederbelebt werden: wie etwa das<br>gemeinsame Mittagessen im Spritzenhaus, das vor Corona angeboten wurde.<br>Doch auch die finanzielle Verantwortung f\u00fcr die Zukunft muss angesprochen werden.<br>Die Abschreibungen werden schon 2024 auf 1,94 Millionen Euro steigen und werden<br>durch die anstehenden Investitionen weiter anwachsen. Allein f\u00fcr die<br>Abschreibungen des FW Hauses ab Fertigstellung kommen j\u00e4hrlich 2% der<br>Bausumme zu den Abschreibungen hinzu. Auch k\u00fcnftige Instandhaltungskosten und<br>Reparaturen an unserer Infrastruktur m\u00fcssen im Ergebnishaushalt erwirtschaftet<br>werden. Es ist unsere Verpflichtung hier langfristig eine solide finanzielle Basis zu<br>gew\u00e4hrleisten.<br>Trotz des Defizits im Ergebnishaushalt planen wir Investitionen in H\u00f6he von 13<br>Millionen Euro, die komplett aus liquiden Mitteln (unserem Spars\u00e4ckel) finanziert<br>werden k\u00f6nnen. Dieses schrumpft 2024, wenn alle Ausgaben get\u00e4tigt werden, ganz<br>rapide zusammen auf ziemlich genau die H\u00e4lfte.<br>Ein erheblicher Anteil der Investitionen, 10 Millionen Euro, ist dabei f\u00fcr die Feuerwehr<br>vorgesehen. Auf der Baustelle des Feuerwehrhauses konnte man nach den langen<\/p>\n\n\n\n<p>Vorbereitungen der letzten Jahre 2023 deutlich Fortschritte sehen. Wir haben den<br>Grundstein gelegt und mit den geplanten Ausgaben werden weitere gro\u00dfe Bereiche<br>des Neubaus fertiggestellt. Auch heute standen\/stehen wieder weitere Vergaben auf<br>der Tagesordnung.<br>Mag der eine oder andere murren, dass wir hier so viel Geld in die Hand nehmen,<br>aber man darf dabei nicht vergessen: Hierbei handelt es sich um eine Pflichtaufgabe,<br>die uns als Gemeinde in die Verantwortung nimmt, Sicherheit und Schutz f\u00fcr die<br>Bev\u00f6lkerung zu gew\u00e4hrleisten. Und wenn hier eine enorme Zahl auf dem Papier<br>steht, darf man nicht vergessen, wir haben uns f\u00fcr eine Gesamtaufstellung der<br>Kosten entschieden. Diese transparente Darstellung aller mit dem Bau verbundenen<br>Kosten verdeutlicht, dass diese Investition eben nicht nur den Bau eines Geb\u00e4udes<br>beinhaltet, sondern auch alle infrastrukturellen und betrieblichen Kosten umfasst.<br>Dadurch ist der Vergleich mit Zahlen aus anderen Kommunen im Enzkreis allerdings<br>nicht oder nur schwer m\u00f6glich, da dort oft nur die reinen Baukosten angegeben<br>werden.<br>Wir stehen hinter unserer Feuerwehr, hinter den Kameradinnen und Kameraden, die<br>ehrenamtlich in ihrer Freizeit den Schutz der Bev\u00f6lkerung \u00fcbernehmen und denen<br>unser Dank und Anerkennung gilt. Wir erhoffen uns allerdings auch, dass es mit dem<br>Neubau des Feuerwehrhauses auch zu mehr Wahrnehmung dieser unersetzlichen<br>Arbeit in der Bev\u00f6lkerung kommt und dies zu einem Anstieg der Mitgliederzahl der<br>Aktiven der freiwilligen Feuerwehr f\u00fchrt.<br>Keltern verdankt einen Gro\u00dfteil seines lebendigen Charakters dem vielf\u00e4ltigen<br>Vereinsleben und dem Engagement der Ehrenamtlichen. Ihr Einsatz st\u00e4rkt nicht nur<br>unsere Gemeinschaft, sondern pr\u00e4gt auch die Identit\u00e4t unseres Ortes. Wir m\u00f6chten<br>auch Ihnen unseren aufrichtigen Dank aussprechen und gleichzeitig bekr\u00e4ftigen,<br>dass wir fest an der Seite der Ehrenamtlichen stehen.<br>Wir wollen auch weiterhin mit der Vereinsf\u00f6rderung in die Zukunft unserer Vereine<br>investieren, um eine bl\u00fchende und aktive Vereinskultur zu gew\u00e4hrleisten. Durch die<br>Vereinsf\u00f6rderung und gezielte Investitionszusch\u00fcsse setzen wir uns daf\u00fcr ein,<br>optimale Bedingungen f\u00fcr die Vereinsarbeit zu schaffen und somit das Fundament<br>unseres Gemeinschaftslebens zu st\u00e4rken.<\/p>\n\n\n\n<p>Schaut man sich den Haushaltsentwurf genauer an, wirft ein weiteres bedeutendes<br>Gro\u00dfprojekt seine Schatten voraus: der Hochwasserschutz. W\u00e4hrend bisher viele<br>Planungen lediglich auf dem Papier existieren, m\u00fcssen wir uns langsam aber sicher<br>der konkreten Realisierung dieses Projekts ann\u00e4hern. Bei den enormen Summen<br>die hier auf uns zukommen, ist die F\u00f6rderquote von 75% durch das Land ein<br>wichtiges Ziel, das wir erreichen wollen und m\u00fcssen. Dies erfordert jedoch eine<br>ganzheitliche Planung und eine konsequente Umsetzung der Ma\u00dfnahmen ohne<br>Unterbrechungen.<br>Soviel zum Haushalt. Auch in diesem Jahr haben wir uns daf\u00fcr entschieden KEINE<br>neuen Antr\u00e4ge zu stellen, da viele alte noch nicht abgeschlossen sind. Eine<br>\u00dcbersicht \u00fcber den \u201eStand der Dinge\u201c konnten wir uns nicht verschaffen, da die Liste<br>mit dem Bearbeitungsstand der alten Antr\u00e4ge der letzten Jahre uns bis heute leider<br>nicht vorliegt. In diesem Punkte muss dringend nachgearbeitet werden. Eine klare<\/p>\n\n\n\n<p>\u00dcbersicht \u00fcber den Stand der Dinge ist von enormer Bedeutung f\u00fcr transparente<br>Entscheidungsprozesse f\u00fcr die Zukunft.<\/p>\n\n\n\n<p>Wir erinnern nochmals an unser Eingangszitat von Mahatma Ghandi: &#8222;Die Zukunft<br>h\u00e4ngt davon ab, was wir heute tun.&#8220;<br>In unseren vergangenen Stellungnahmen zum Haushalt haben wir vielf\u00e4ltige Themen<br>aufgegriffen, die f\u00fcr uns noch immer aktuell sind und die wir weiterhin mit Nachdruck<br>verfolgen m\u00f6chten:<\/p>\n\n\n\n<p>Weiterentwicklung des Projekts Hauptstr. Weiler mit Schaffung von Arztpraxis und<br>Nahversorgung<br>Fokusthema Verkehr: Erweiterung der 30er-Zonen aus L\u00e4rmschutz- und<br>Sicherheitsgr\u00fcnden von Ortsschild zu Ortsschild auf allen Durchgangsstra\u00dfen in allen<br>5 Ortsteilen sowie auf den Zufahrten zu den H\u00e4ckselpl\u00e4tzen in Dietlingen und<br>Niebelsbach sowie die Reduzierung der Geschwindigkeit auf der Kreisstr. bei<br>Dietenhausen auf 50 km\/h<\/p>\n\n\n\n<p>Zur Innenentwicklung:<br>Belebung der Ortskerne durch individuelle und gesicherte Nahversorgung sowohl<br>durch B\u00e4cker, Metzger, Blumen-\/Gem\u00fcseh\u00e4ndler usw. als auch durch gesellige<br>Treffpunkte f\u00fcr die B\u00fcrgerinnen und B\u00fcrger wie Caf\u00e9s und Restaurants,<br>l\u00fcckenlose Nutzung von Wohnraum\/Leerst\u00e4nde reduzieren, weiterhin Schaffung von<br>bezahlbarem Wohnraum f\u00fcr Familien und Senioren in den Ortsettern<br>Weiterverfolgung der \u00dcberbauung des inner\u00f6rtlichen Parkplatzes in Dietlingen, f\u00fcr<br>dieses Gel\u00e4nde wurden bereits Anfang der 2000er-Jahre Planungen zur kombinierten<br>Bebauung mit Parken, Gewerbe und seniorengerechtem Wohnen erstellt.<br>Weiterverfolgung einer Planung von seniorengerechten Wohnungen oder<br>Mehrgenerationenwohnen f\u00fcr das Gel\u00e4nde gegen\u00fcber der Historischen Kelter in<br>Dietlingen. Auch hier sind wir sicher, eine umgebungsgerechte Bebauung zu finden.<br>Erstellung Nutzungskonzept f\u00fcr die Historische Kelter in Dietlingen und \u00d6ffnung f\u00fcr die<br>Bev\u00f6lkerung<br>St\u00e4rkung des Demokratiegedankens in unserer Gesellschaft durch verschiedene<br>kulturelle Angebote<\/p>\n\n\n\n<p>Als mittelfristige Zukunftsthemen, f\u00fcr die bereits jetzt die Weichen gestellt werden<br>sollten, sehen wir:<br>Die Erstellung eines W\u00e4rmekonzepts\/W\u00e4rmebedarfsplanung f\u00fcr Keltern<br>Den Einstieg in das Thema \u201eKlimaneutrale Kommune\u201c<\/p>\n\n\n\n<p>Seit dem 1. Januar ist die Stelle der Hauptamtsleitung neu besetzt. Wir hei\u00dfen Frau<br>Di Mauro herzlich in unserer Verwaltung willkommen. Dieser Neubeginn<br>kennzeichnet einen frischen Start in der Verwaltung, der von engagiertem und<br>motiviertem Personal gepr\u00e4gt ist, bereit, sich den angesammelten Aufgaben zu<br>widmen, die hinter den Notwendigen aufgrund der unbesetzten Stelle(n) anstehen<br>mussten.<br>Einen Wunsch haben wir kurz vor Schluss f\u00fcr unsere weitere Gemeinderatsarbeit:<br>um uns qualifiziert und soweit wie m\u00f6glich im Austausch mit B\u00fcrgerinnen und<br>B\u00fcrgern auf die jeweils kommenden Sitzungen vorbereiten zu k\u00f6nnen, w\u00fcrden wir<br>uns freuen, wenn uns die Unterlagen zu den Tagesordnungspunkten wieder mind. 10<br>Tage vor der jeweiligen Sitzung zur Verf\u00fcgung gestellt werden.<\/p>\n\n\n\n<p>Wir m\u00f6chten die Gelegenheit nutzen und den Mitarbeiterinnen und Mitarbeitern der<br>gesamten Verwaltung allen voran Herrn B\u00fcrgermeister Bochinger f\u00fcr ihre Arbeit im<br>vergangenen Jahr unseren aufrichtigen Dank aussprechen.<br>Wir tragen gemeinsam eine immense Verantwortung f\u00fcr Keltern. Es ist keine leichte<br>Aufgabe, all die anstehenden Herausforderungen anzugehen und gleichzeitig unsere<br>Finanzen im Gleichgewicht zu halten. F\u00fcr die im Juni anstehenden Kommunalwahlen<br>w\u00fcnschen wir uns einen Diskurs auf demokratischer Ebene mit allen Interessierten.<br>Zudem w\u00fcnschen wir uns eine die Demokratie st\u00e4rkende Wahl ohne Rutsch in eine<br>den demokratischen Gedanken verneinende oder zerst\u00f6rende Richtung.<br>Doch &#8222;Die gr\u00f6\u00dften Herausforderungen bergen oft die besten Chancen.&#8220; \u2013 hat<br>Henry Ford einmal gesagt.<br>Wir sind bereit, diese Herausforderungen und Chancen anzunehmen und<br>gemeinsam an einer nachhaltigen Zukunft f\u00fcr unsere Gemeinde zu arbeiten und<br>Keltern f\u00fcr kommende Generationen zu st\u00e4rken.<br>Unser Slogan &#8218;Keltern Nat\u00fcrlich. Gemeinsam.&#8216; ist f\u00fcr uns mehr als nur eine Floskel.<br>Er erinnert uns daran, dass wir die Verantwortung tragen, die uns umgebende<br>wundersch\u00f6ne Natur zu bewahren und gleichzeitig gemeinsam f\u00fcr Keltern<br>einzustehen. Wir laden jeden Einzelnen dazu ein, seinen Teil dazu beizutragen.<br>Gemeinsam k\u00f6nnen wir den Herausforderungen der Zukunft begegnen. Gemeinsam<br>k\u00f6nnen wir den Schutz der Natur und den Fortschritt der Gemeinde verbinden.<br>Auch bei unseren Gemeinderatskolleginnen und -kollegen der Fraktionen bedanken<br>wir uns f\u00fcr den konstruktiven Austausch im Sinne unserer Heimat. Wir, die<br>Gemeinder\u00e4tinnen und Gemeinder\u00e4te der Fraktion B\u00dcNDNIS 90\/Die GR\u00dcNEN<br>stimmen der vorliegenden Haushaltssatzung 2023 mit Haushaltsplan und Stellenplan<br>2024 sowie dem Wirtschaftsplan 2024 des Eigenbetriebes Wasserversorgung zu.<br>Wir danken Ihnen im Namen der Fraktion B\u00fcndnis 90\/die Gr\u00fcnen f\u00fcr Ihre<br>Aufmerksamkeit.&#8220;<\/p>\n","protected":false},"excerpt":{"rendered":"<p>Stellungnahme Haushalt 2024 \u2013 Fraktion B\u00fcndnis 90\/Die Gr\u00fcnen Sehr geehrter Herr B\u00fcrgermeister,Liebe Kolleginnen und Kollegen,Gesch\u00e4tzte Anwesende, &#8222;Die Zukunft h\u00e4ngt davon ab, was wir heute tun.&#8220; &#8211; Mahatma GandhiAls Vertreterinnen der [&hellip;]<\/p>\n","protected":false},"author":2,"featured_media":0,"parent":0,"menu_order":0,"comment_status":"closed","ping_status":"closed","template":"","meta":{"footnotes":""},"class_list":["post-263","page","type-page","status-publish","hentry"],"_links":{"self":[{"href":"https:\/\/www.gruenekeltern.de\/wp\/wp-json\/wp\/v2\/pages\/263","targetHints":{"allow":["GET"]}}],"collection":[{"href":"https:\/\/www.gruenekeltern.de\/wp\/wp-json\/wp\/v2\/pages"}],"about":[{"href":"https:\/\/www.gruenekeltern.de\/wp\/wp-json\/wp\/v2\/types\/page"}],"author":[{"embeddable":true,"href":"https:\/\/www.gruenekeltern.de\/wp\/wp-json\/wp\/v2\/users\/2"}],"replies":[{"embeddable":true,"href":"https:\/\/www.gruenekeltern.de\/wp\/wp-json\/wp\/v2\/comments?post=263"}],"version-history":[{"count":1,"href":"https:\/\/www.gruenekeltern.de\/wp\/wp-json\/wp\/v2\/pages\/263\/revisions"}],"predecessor-version":[{"id":264,"href":"https:\/\/www.gruenekeltern.de\/wp\/wp-json\/wp\/v2\/pages\/263\/revisions\/264"}],"wp:attachment":[{"href":"https:\/\/www.gruenekeltern.de\/wp\/wp-json\/wp\/v2\/media?parent=263"}],"curies":[{"name":"wp","href":"https:\/\/api.w.org\/{rel}","templated":true}]}}