{"id":645,"date":"2025-12-30T21:05:15","date_gmt":"2025-12-30T20:05:15","guid":{"rendered":"https:\/\/www.gruenekeltern.de\/wp\/?page_id=645"},"modified":"2025-12-30T21:33:24","modified_gmt":"2025-12-30T20:33:24","slug":"haushaltsrede-2025","status":"publish","type":"page","link":"https:\/\/www.gruenekeltern.de\/wp\/haushaltsrede-2025\/","title":{"rendered":"Haushaltsrede 2025"},"content":{"rendered":"\n<h2 class=\"wp-block-heading\">Haushaltsrede der Fraktion B\u00fcndnis 90\/Die Gr\u00fcnen im Gemeinderat<br>Keltern<\/h2>\n\n\n\n<p>Sehr geehrter Herr B\u00fcrgermeister Bochinger, sehr geehrte<br>Kolleginnen und Kollegen des Gemeinderats, sehr geehrte Damen<br>und Herren,<\/p>\n\n\n\n<h2 class=\"wp-block-heading\">Finanzielle Lage und Herausforderungen<\/h2>\n\n\n\n<p><br>Wir stehen erneut vor einem Haushalt, der uns vor erhebliche<br>Herausforderungen stellt. Wie in den vergangenen Jahren weist der<br>Ergebnishaushalt ein Defizit auf, diesmal von rund 3 Millionen Euro.<br>Dieses kann nur durch eine Entnahme aus den R\u00fccklagen gedeckt<br>werden \u2013 eine kurzfristige L\u00f6sung, die jedoch keine langfristige<br>Perspektive bietet. Zudem wirken die veranschlagten<br>Gewerbesteuereinnahmen von 4,5 Millionen Euro optimistisch, da<br>bereits eine wirtschaftliche Abschw\u00e4chung angek\u00fcndigt wurde und<br>damit eher r\u00fcckl\u00e4ufige Einnahmen zu erwarten sind.<\/p>\n\n\n\n<p><br>Einsparungen wurden bereits durch eine 10-prozentige<br>Ausgabensperre in der Verwaltung erzielt, wodurch das Defizit auf<br>2,7 Millionen Euro gesenkt werden konnte. Auch viele<br>Vorhaltepositionen wurden gestrichen. Zwar wurden sie in den<br>vergangenen Jahren selten ausgesch\u00f6pft, haben uns aber dennoch<br>einen gewissen Spielraum geschaffen. Dieser f\u00e4llt nun weg.<br>Um unseren Haushalt langfristig auszugleichen, m\u00fcssen wir unsere<br>Ausgaben deutlich k\u00fcrzen und unsere Einnahmen erh\u00f6hen. Dennoch<br>bleibt die Frage: Wo k\u00f6nnen weitere Einsparungen erfolgen, ohne<br>dass essenzielle Bereiche unserer Gemeinde darunter leiden? F\u00fcr uns<br>steht fest: Familien und unsere Vereine d\u00fcrfen nicht die<br>Leidtragenden sein. Stattdessen m\u00fcssen wir effizienter wirtschaften,<br>unn\u00f6tige Ausgaben kritisch hinterfragen und Verwaltungsabl\u00e4ufe<br>optimieren.<\/p>\n\n\n\n<p><br>Lassen Sie uns also gemeinsam an nachhaltigen L\u00f6sungen arbeiten,<br>die nicht nur kurzfristig helfen, sondern vor allem langfristig den<br>Haushalt stabilisieren. Hierbei m\u00fcssen wir uns auch \u00fcber unsere<br>Personalpolitik Gedanken machen. Gleichzeitig d\u00fcrfen wir uns nicht<br>allein auf Einsparungen und Ausgabenk\u00fcrzungen konzentrieren.<\/p>\n\n\n\n<p><\/p>\n\n\n\n<h2 class=\"wp-block-heading\">Investitionen in die Zukunft: Projekte und Infrastruktur<\/h2>\n\n\n\n<p><br>Wie in den vergangenen Jahren umfasst der Investitionshaushalt eine<br>Vielzahl von Vorhaben, die teils schon mehrfach im Haushalt<br>angesetzt waren und verschoben wurden. Hochwasserschutz, die<br>Winzerhalle in Ellmendingen oder die Ortsdurchfahrt in Niebelsbach<br>stehen erneut auf der Liste. Wir hoffen, dass diese Projekte nach<br>langen Planungs- und Genehmigungsphasen nun umgesetzt oder<br>zumindest konkret und f\u00fcr die B\u00fcrger sichtbar begonnen werden<br>k\u00f6nnen. Jedes weitere Jahr l\u00e4sst diese Vorhaben nur teurer werden<br>und belastet uns zus\u00e4tzlich.<\/p>\n\n\n\n<p><br>Besonders der Hochwasserschutz ist f\u00fcr uns von hoher Priorit\u00e4t. Die<br>geplanten &#8222;kleineren Ma\u00dfnahmen&#8220; werden nicht ausreichen, um die<br>Gemeinde langfristig zu sch\u00fctzen. Das beauftragte B\u00fcro hat schon<br>lange Pl\u00e4ne erarbeitet, jetzt muss die rasche und konsequente<br>Umsetzung erfolgen.<\/p>\n\n\n\n<p><br>Auch in der Entwicklung unserer Baugebiete gibt es<br>Herausforderungen: Nachdem die Erschlie\u00dfung des Baugebiets<br>Schloss\u00e4cker in Weiler vorerst ruht, m\u00fcssen wir dringend die<br>Bebauung der Hauptstra\u00dfe 22 und 24 vorantreiben. Nicht zuletzt<br>auch, um unser Versprechen gegen\u00fcber Frau Dr. Kleile, dort eine<br>Arztpraxis zur Verf\u00fcgung zu stellen, einzuhalten. Auch in den beiden<br>anderen geplanten Baugebieten zeichnen sich Probleme ab. Ob das<br>Baugebiet Klepberg genehmigungsf\u00e4hig wird, bleibt abzuwarten.<br>Auch in Niebelsbach l\u00e4uft nicht alles rund. Hier gilt es die wenigen<br>Vorgaben des Gemeinderates durch die Erschlie\u00dfungstr\u00e4ger sauber<br>umzusetzen.<\/p>\n\n\n\n<p><br>Ebenso wichtig bleibt f\u00fcr uns aber auch die Aktivierung der bereits<br>bestehenden Baul\u00fccken.<\/p>\n\n\n\n<p><br>Zum wiederholten Male stellen wir den Antrag die Erschlie\u00dfung der<br>Br\u00fchlg\u00e4rten in Ellmendingen anzugehen.<\/p>\n\n\n\n<p><\/p>\n\n\n\n<h2 class=\"wp-block-heading\">Bildung und soziale Infrastruktur: Kinder, Jugendliche und Senioren<br>st\u00e4rken<\/h2>\n\n\n\n<p><br>Bildung, Betreuung und soziale Angebote sind das Fundament einer<br>lebenswerten Gemeinde \u2013 und genau hier m\u00fcssen wir ansetzen! Ein<br>verl\u00e4ssliches Betreuungsangebot ist essenziell, um Familie und Beruf<br>vereinbaren zu k\u00f6nnen. Besonders der Rechtsanspruch auf<br>Ganztagsbetreuung in der Grundschule ab dem kommenden Jahr<br>muss vorausschauend geplant werden, um den Bedarfen ab dem<br>kommenden Jahr gerecht zu werden.<\/p>\n\n\n\n<p><br>Doch auch Jugendliche brauchen in Keltern wieder einen festen Platz.<br>Es geht um R\u00e4ume f\u00fcr Begegnung und Freizeitgestaltung. Das JUZE<br>muss endlich wieder ge\u00f6ffnet werden und die Verwaltung sollte hier<br>aktiv als Unterst\u00fctzer auftreten. Die seit Jahren offenen Stelle der<br>Jugendsozialarbeit k\u00f6nnte hier die ben\u00f6tigte Unterst\u00fctzung liefern.<\/p>\n\n\n\n<p><br>Nicht zuletzt m\u00fcssen wir uns auch st\u00e4rker den Bedarfen \u00e4lterer<br>Menschen widmen. Besonders beim Thema Wohnen wird das auch<br>deutlich: Barrierefreiheit, altersgerechtes Wohnen und soziale<br>Angebote f\u00fcr Senioren werden immer wichtiger. Gleichzeitig bietet<br>der demografische Wandel auch Chancen: Durch die Schaffung von<br>seniorengerechtem Wohnraum vor allem in den Ortsteilen Dietlingen<br>und Ellmendingen k\u00f6nnen H\u00e4user und Grundst\u00fccke in ganz Keltern<br>wieder f\u00fcr junge Familien verf\u00fcgbar gemacht werden. Eine<br>vorausschauende Wohnraumpolitik muss Generationen verbinden<br>und Bedarfe intelligent zusammenbringen.<\/p>\n\n\n\n<p><br>Hierzu haben wir uns auch mit anderen Kolleginnen und Kollegen im<br>Gemeinderat ausgetauscht und wollen gemeinsam mit der<br>Verwaltung Keltern weiterentwickeln und aktiv gestalten.<\/p>\n\n\n\n<p><\/p>\n\n\n\n<h2 class=\"wp-block-heading\">Energiewende: Klimaschutz aktiv voranbringen<\/h2>\n\n\n\n<p><br>Wir d\u00fcrfen die Folgen des Klimawandels auch in Keltern nicht<br>ignorieren. Investitionen in erneuerbare Energien wie Wind- und<br>Solarenergie leisten nicht nur einen wichtigen Beitrag zum<br>Klimaschutz, sondern k\u00f6nnen auch dringend ben\u00f6tigte kommunale<br>Einnahmen generieren und die finanzielle Stabilit\u00e4t st\u00e4rken.<br>Gleichzeitig sind Ma\u00dfnahmen wie mehr Gr\u00fcnfl\u00e4chen zur K\u00fchlung, die<br>Entsiegelung versiegelter Fl\u00e4chen und auch den schon<br>angesprochene Hochwasserschutz essenziell, um unsere Gemeinde<br>an die klimatischen Ver\u00e4nderungen anzupassen und die Menschen in<br>Keltern zu sch\u00fctzen. Erg\u00e4nzend dazu fehlt noch die kommunale<br>W\u00e4rmeplanung, um langfristige Ziele f\u00fcr eine klimafreundliche,<br>effiziente und bezahlbare W\u00e4rmeversorgung zu definieren. Eine<br>vorausschauende Politik verbindet Klimaschutz mit wirtschaftlicher<br>Nachhaltigkeit und st\u00e4rkt damit auch die Zukunftsf\u00e4higkeit unserer<br>Gemeinde.<\/p>\n\n\n\n<p><\/p>\n\n\n\n<h2 class=\"wp-block-heading\">Gemeinsam Verantwortung \u00fcbernehmen<\/h2>\n\n\n\n<p><br>Die Finanzlage wird unsere Arbeit im Gemeinderat in den<br>kommenden Jahren bestimmen. Doch die Haushaltskonsolidierung<br>darf und kann nicht von einzelnen getragen werden. Es braucht eine<br>faire und sachliche Diskussion mit dem Ziel, gemeinsam tragf\u00e4hige<br>L\u00f6sungen zu erarbeiten.<\/p>\n\n\n\n<p><br>Hierf\u00fcr ist die vertrauensvolle Zusammenarbeit im Gemeinderat aber<br>auch mit der Verwaltung essenziell. Vertrauen entsteht durch<br>Transparenz. Dies beinhaltet, dass so viel wie m\u00f6glich \u00f6ffentlich<br>gehalten wird und nur das absolute Minimum an Unterlagen als<br>nicht\u00f6ffentlich deklariert wird. Hierzu geh\u00f6rt aber auch, dass die<br>Antr\u00e4ge aus dem Gemeinderat ernst genommen werden.<\/p>\n\n\n\n<p><br>\u201eDer beste Weg, die Zukunft vorauszusagen, ist, sie zu gestalten.\u201c<br>Wir m\u00f6chten gemeinsam mit ihnen diese Zukunft gestalten \u2013 f\u00fcr<br>Keltern, f\u00fcr unsere Kinder und f\u00fcr kommende Generationen.<\/p>\n\n\n\n<p><br>Wir bedanken uns bei den Verwaltungsmitarbeitern f\u00fcr ihre<br>geleistete Arbeit im vergangenen Jahr und m\u00f6chten ihnen unseren<br>aufrichtigen Dank aussprechen.<\/p>\n\n\n\n<p><br>Auch bei unseren alten und neuen Gemeinderatskolleginnen und &#8211;<br>kollegen der anderen Fraktionen bedanken wir uns f\u00fcr den<br>konstruktiven Austausch zum Wohle Kelterns.<\/p>\n\n\n\n<p><br>Wir, die Gemeinder\u00e4te und Gemeinder\u00e4tin der Fraktion B\u00dcNDNIS<br>90\/Die GR\u00dcNEN stimmen der vorliegenden Haushaltssatzung 2025<br>mit Haushaltsplan und Stellenplan 2025 sowie dem Wirtschaftsplan<br>2025 des Eigenbetriebes Wasserversorgung zu.<\/p>\n\n\n\n<p><br>Vielen Dank.<\/p>\n","protected":false},"excerpt":{"rendered":"<p>Haushaltsrede der Fraktion B\u00fcndnis 90\/Die Gr\u00fcnen im GemeinderatKeltern Sehr geehrter Herr B\u00fcrgermeister Bochinger, sehr geehrteKolleginnen und Kollegen des Gemeinderats, sehr geehrte Damenund Herren, Finanzielle Lage und Herausforderungen Wir stehen erneut [&hellip;]<\/p>\n","protected":false},"author":2,"featured_media":0,"parent":0,"menu_order":0,"comment_status":"closed","ping_status":"closed","template":"","meta":{"footnotes":""},"class_list":["post-645","page","type-page","status-publish","hentry"],"_links":{"self":[{"href":"https:\/\/www.gruenekeltern.de\/wp\/wp-json\/wp\/v2\/pages\/645","targetHints":{"allow":["GET"]}}],"collection":[{"href":"https:\/\/www.gruenekeltern.de\/wp\/wp-json\/wp\/v2\/pages"}],"about":[{"href":"https:\/\/www.gruenekeltern.de\/wp\/wp-json\/wp\/v2\/types\/page"}],"author":[{"embeddable":true,"href":"https:\/\/www.gruenekeltern.de\/wp\/wp-json\/wp\/v2\/users\/2"}],"replies":[{"embeddable":true,"href":"https:\/\/www.gruenekeltern.de\/wp\/wp-json\/wp\/v2\/comments?post=645"}],"version-history":[{"count":3,"href":"https:\/\/www.gruenekeltern.de\/wp\/wp-json\/wp\/v2\/pages\/645\/revisions"}],"predecessor-version":[{"id":665,"href":"https:\/\/www.gruenekeltern.de\/wp\/wp-json\/wp\/v2\/pages\/645\/revisions\/665"}],"wp:attachment":[{"href":"https:\/\/www.gruenekeltern.de\/wp\/wp-json\/wp\/v2\/media?parent=645"}],"curies":[{"name":"wp","href":"https:\/\/api.w.org\/{rel}","templated":true}]}}